{"id":10887,"date":"2014-10-11T14:59:42","date_gmt":"2014-10-11T14:59:42","guid":{"rendered":"https:\/\/avada.theme-fusion.com_demos\/portfolio\/?page_id=10887"},"modified":"2025-01-18T20:51:52","modified_gmt":"2025-01-18T17:51:52","slug":"hakkimda","status":"publish","type":"page","link":"https:\/\/sarzimanli.com\/index.php\/hakkimda\/","title":{"rendered":"Hakk\u0131mda"},"content":{"rendered":"\n<div class=\"wp-block-group is-vertical is-layout-flex wp-container-core-group-is-layout-8cf370e7 wp-block-group-is-layout-flex\">\n<h6 class=\"wp-block-heading has-text-align-left has-small-font-size\">&nbsp;<img loading=\"lazy\" decoding=\"async\" width=\"150\" height=\"150\" class=\"wp-image-13553\" style=\"width: 150px;\" src=\"https:\/\/sarzimanli.com\/wp-content\/uploads\/2021\/12\/cropped-20210919_181406-1-scaled-e1638641018278.jpg\" alt=\"\" srcset=\"https:\/\/sarzimanli.com\/wp-content\/uploads\/2021\/12\/cropped-20210919_181406-1-scaled-e1638641018278.jpg 512w, https:\/\/sarzimanli.com\/wp-content\/uploads\/2021\/12\/cropped-20210919_181406-1-scaled-e1638641018278-300x300.jpg 300w, https:\/\/sarzimanli.com\/wp-content\/uploads\/2021\/12\/cropped-20210919_181406-1-scaled-e1638641018278-150x150.jpg 150w, https:\/\/sarzimanli.com\/wp-content\/uploads\/2021\/12\/cropped-20210919_181406-1-scaled-e1638641018278-270x270.jpg 270w, https:\/\/sarzimanli.com\/wp-content\/uploads\/2021\/12\/cropped-20210919_181406-1-scaled-e1638641018278-192x192.jpg 192w, https:\/\/sarzimanli.com\/wp-content\/uploads\/2021\/12\/cropped-20210919_181406-1-scaled-e1638641018278-180x180.jpg 180w, https:\/\/sarzimanli.com\/wp-content\/uploads\/2021\/12\/cropped-20210919_181406-1-scaled-e1638641018278-32x32.jpg 32w\" sizes=\"auto, (max-width: 150px) 100vw, 150px\" \/><\/h6>\n\n\n\n<div class=\"wp-block-group is-vertical is-layout-flex wp-container-core-group-is-layout-8cf370e7 wp-block-group-is-layout-flex\">\n<p>AvITData Teknoloji Co-Founder \/ IT Infrastructure Architects<\/p>\n\n\n\n<p class=\"has-text-align-left has-small-font-size\">Ki\u015fisel bloguma ho\u015f geldiniz, benim ad\u0131m <strong>Shamistan ARZIMANLI<\/strong>. <\/p>\n\n\n\n<p class=\"has-text-align-left has-small-font-size\">\u00dcniversitenin Elektrik Elektronik M\u00fchendisli\u011fi b\u00f6l\u00fcm\u00fcnden mezunum. 2014 Y\u0131l\u0131nda Azerbaycan\u2019da Bilgi Teknolojileri alan\u0131ndaki i\u015f hayat\u0131ma \u00f6zel sekt\u00f6rde 4 y\u0131l IT Uzman\u0131 ve Y\u00f6neticisi olarak&nbsp; \u00e7al\u0131\u015ft\u0131m. Y\u0131l 2018 itibari ile T\u00fcrkiye Adana&#8217;da sistem entegrat\u00f6r\u00fcnde <br>Professional Technical Services Manager olarak \u00e7al\u0131\u015ft\u0131m. 2024 y\u0131l\u0131 itibari ile kendi Dan\u0131\u015fmanl\u0131k Teknoloji firma mi kurarak devam ediyorum. \u00c7al\u0131\u015fmalar\u0131m IT altyap\u0131s\u0131 platformlar\u0131n\u0131 modernize etmek ve hem i\u015fletmeler hem de hizmet sa\u011flay\u0131c\u0131lar i\u00e7in \u00f6zelle\u015ftirilmi\u015f \u00e7\u00f6z\u00fcmler sunmakt\u0131r. Bu blog arac\u0131l\u0131\u011f\u0131yla amac\u0131m, ba\u015fkalar\u0131n\u0131n \u00f6\u011frenmesine ve bilgilerini geni\u015fletmesine yard\u0131mc\u0131 olabilecek de\u011ferli i\u00e7erikler payla\u015fmakt\u0131r. Ayr\u0131ca bu platform, d\u00fc\u015f\u00fcncelerimi d\u00fczenlemem, yeni kavramlar ke\u015ffetmem ve \u00f6\u011frenmeye devam etmem i\u00e7in bir alan g\u00f6revi g\u00f6r\u00fcyor. Blog sitem \u00f6ncelikle Depolama, Sanalla\u015ft\u0131rma, Yedekleme ve VxRail\/Vmware gibi ilgili HCI platformlar\u0131na odakl\u0131d\u0131r.<\/p>\n\n\n\n<p class=\"has-text-align-left has-small-font-size\">Yetkinlik ve \u00fcyeliklerim <strong><em>Cisco Champion , Citrix , Dell Technology&nbsp;Architect, VMware vExpert, Microsoft MCT.<\/em><\/strong><\/p>\n\n\n\n<p class=\"has-text-align-left has-small-font-size\"><strong>Linkedin<\/strong>:&nbsp;<a href=\"https:\/\/www.linkedin.com\/in\/mr-arzimanli\/\">linkedin.com\/in\/mr-arzimanli\/<\/a><\/p>\n\n\n\n<p class=\"has-text-align-left has-small-font-size\"><strong>Credly<\/strong>: <a href=\"https:\/\/www.credly.com\/users\/s.arzimanli\/badges\">s.arzimanli badges<\/a><\/p>\n\n\n\n<p class=\"has-text-align-left has-small-font-size\"><strong>Yasal Uyar\u0131<\/strong><\/p>\n\n\n\n<p class=\"has-text-align-left has-small-font-size\">Bu sitede ifade edilen g\u00f6r\u00fc\u015fler kesinlikle bana aittir her hangi \u00fcreticinin fikirlerini veya g\u00f6r\u00fc\u015flerini yans\u0131tm\u0131yor. L\u00fctfen teknik bilgileri do\u011frulamak i\u00e7in her zaman resmi belgeleri kontrol edin.<\/p>\n<\/div>\n<\/div>\n\n\n\n<p><\/p>\n","protected":false},"excerpt":{"rendered":"<p>&nbsp; AvITData Teknoloji Co-Founder \/ IT Infrastructure Architects Ki\u015fisel bloguma ho\u015f geldiniz, benim ad\u0131m [&#8230;]<\/p>\n","protected":false},"author":1,"featured_media":0,"parent":0,"menu_order":0,"comment_status":"closed","ping_status":"open","template":"","meta":{"footnotes":""},"class_list":["post-10887","page","type-page","status-publish","hentry"],"aioseo_notices":[],"_links":{"self":[{"href":"https:\/\/sarzimanli.com\/index.php\/wp-json\/wp\/v2\/pages\/10887","targetHints":{"allow":["GET"]}}],"collection":[{"href":"https:\/\/sarzimanli.com\/index.php\/wp-json\/wp\/v2\/pages"}],"about":[{"href":"https:\/\/sarzimanli.com\/index.php\/wp-json\/wp\/v2\/types\/page"}],"author":[{"embeddable":true,"href":"https:\/\/sarzimanli.com\/index.php\/wp-json\/wp\/v2\/users\/1"}],"replies":[{"embeddable":true,"href":"https:\/\/sarzimanli.com\/index.php\/wp-json\/wp\/v2\/comments?post=10887"}],"version-history":[{"count":28,"href":"https:\/\/sarzimanli.com\/index.php\/wp-json\/wp\/v2\/pages\/10887\/revisions"}],"predecessor-version":[{"id":14910,"href":"https:\/\/sarzimanli.com\/index.php\/wp-json\/wp\/v2\/pages\/10887\/revisions\/14910"}],"wp:attachment":[{"href":"https:\/\/sarzimanli.com\/index.php\/wp-json\/wp\/v2\/media?parent=10887"}],"curies":[{"name":"wp","href":"https:\/\/api.w.org\/{rel}","templated":true}]}}